{"id":326,"date":"2025-09-28T05:14:10","date_gmt":"2025-09-28T05:14:10","guid":{"rendered":"https:\/\/presenciadigital.com.ar\/nuevogrupoieb\/?page_id=326"},"modified":"2026-01-06T04:08:48","modified_gmt":"2026-01-06T04:08:48","slug":"blog","status":"publish","type":"page","link":"https:\/\/presenciadigital.com.ar\/nuevogrupoieb\/blog\/","title":{"rendered":"Blog"},"content":{"rendered":"\t\t<div data-elementor-type=\"wp-page\" data-elementor-id=\"326\" class=\"elementor elementor-326\" data-elementor-post-type=\"page\">\n\t\t\t\t<div class=\"elementor-element elementor-element-0aa4df2 e-con-full e-flex e-con e-parent\" data-id=\"0aa4df2\" data-element_type=\"container\" data-e-type=\"container\">\n\t\t\t\t<div class=\"elementor-element elementor-element-953a99d elementor-widget elementor-widget-image\" data-id=\"953a99d\" data-element_type=\"widget\" data-e-type=\"widget\" data-widget_type=\"image.default\">\n\t\t\t\t\t\t\t\t\t\t\t\t\t\t\t<img fetchpriority=\"high\" decoding=\"async\" width=\"800\" height=\"85\" src=\"https:\/\/presenciadigital.com.ar\/nuevogrupoieb\/wp-content\/uploads\/2025\/09\/fondoblog-01.svg\" class=\"attachment-large size-large wp-image-335\" alt=\"\" \/>\t\t\t\t\t\t\t\t\t\t\t\t\t\t\t<\/div>\n\t\t\t\t<\/div>\n\t\t<div class=\"elementor-element elementor-element-7d9c501 e-flex e-con-boxed e-con e-parent\" data-id=\"7d9c501\" data-element_type=\"container\" data-e-type=\"container\" data-settings=\"{&quot;background_background&quot;:&quot;classic&quot;}\">\n\t\t\t\t\t<div class=\"e-con-inner\">\n\t\t<div class=\"elementor-element elementor-element-e9e0989 e-con-full e-flex e-con e-child\" data-id=\"e9e0989\" data-element_type=\"container\" data-e-type=\"container\" data-settings=\"{&quot;background_background&quot;:&quot;classic&quot;}\">\n\t\t<div class=\"elementor-element elementor-element-b65fcc1 e-con-full e-flex e-con e-child\" data-id=\"b65fcc1\" data-element_type=\"container\" data-e-type=\"container\" data-settings=\"{&quot;background_background&quot;:&quot;classic&quot;}\">\n\t\t\t\t<div class=\"elementor-element elementor-element-9374e53 elementor-widget elementor-widget-heading\" data-id=\"9374e53\" data-element_type=\"widget\" data-e-type=\"widget\" data-widget_type=\"heading.default\">\n\t\t\t\t\t<h2 class=\"elementor-heading-title elementor-size-default\">IEB+ renueva su v\u00ednculo como naming sponsor del Argentina Open<\/h2>\t\t\t\t<\/div>\n\t\t\t\t<div class=\"elementor-element elementor-element-84329e2 elementor-widget elementor-widget-text-editor\" data-id=\"84329e2\" data-element_type=\"widget\" data-e-type=\"widget\" data-widget_type=\"text-editor.default\">\n\t\t\t\t\t\t\t\t\tEl contexto de crisis mundial por la pandemia demostr\u00f3 que la transformaci\u00f3n digital hoy pas\u00f3 a ser una condici\u00f3n necesaria para la subsistencia del negocio. \t\t\t\t\t\t\t\t<\/div>\n\t\t\t\t<div class=\"elementor-element elementor-element-5a3a8f2 elementor-widget elementor-widget-text-editor\" data-id=\"5a3a8f2\" data-element_type=\"widget\" data-e-type=\"widget\" data-widget_type=\"text-editor.default\">\n\t\t\t\t\t\t\t\t\tEl tema estaba en la agenda de todos los l\u00edderes, con distinto grado de urgencia y prioridad, pero los cambios en la forma en que la gente se relaciona\t\t\t\t\t\t\t\t<\/div>\n\t\t\t\t<\/div>\n\t\t\t\t<\/div>\n\t\t\t\t\t<\/div>\n\t\t\t\t<\/div>\n\t\t<div class=\"elementor-element elementor-element-2b7889b e-flex e-con-boxed e-con e-parent\" data-id=\"2b7889b\" data-element_type=\"container\" data-e-type=\"container\" data-settings=\"{&quot;background_background&quot;:&quot;classic&quot;}\">\n\t\t\t\t\t<div class=\"e-con-inner\">\n\t\t<div class=\"elementor-element elementor-element-7941239 e-con-full e-flex e-con e-child\" data-id=\"7941239\" data-element_type=\"container\" data-e-type=\"container\">\n\t\t\t\t<div class=\"elementor-element elementor-element-0332f6a elementor-grid-4 elementor-grid-tablet-2 elementor-grid-mobile-1 elementor-widget elementor-widget-loop-grid\" data-id=\"0332f6a\" data-element_type=\"widget\" data-e-type=\"widget\" data-settings=\"{&quot;template_id&quot;:183,&quot;columns&quot;:4,&quot;_skin&quot;:&quot;post&quot;,&quot;columns_tablet&quot;:&quot;2&quot;,&quot;columns_mobile&quot;:&quot;1&quot;,&quot;edit_handle_selector&quot;:&quot;[data-elementor-type=\\&quot;loop-item\\&quot;]&quot;,&quot;row_gap&quot;:{&quot;unit&quot;:&quot;px&quot;,&quot;size&quot;:&quot;&quot;,&quot;sizes&quot;:[]},&quot;row_gap_tablet&quot;:{&quot;unit&quot;:&quot;px&quot;,&quot;size&quot;:&quot;&quot;,&quot;sizes&quot;:[]},&quot;row_gap_mobile&quot;:{&quot;unit&quot;:&quot;px&quot;,&quot;size&quot;:&quot;&quot;,&quot;sizes&quot;:[]}}\" data-widget_type=\"loop-grid.post\">\n\t\t\t\t<div class=\"elementor-widget-container\">\n\t\t\t\t\t\t\t<div class=\"elementor-loop-container elementor-grid\" role=\"list\">\n\t\t<style id=\"loop-183\">.elementor-183 .elementor-element.elementor-element-5329508{--display:flex;--flex-direction:column;--container-widget-width:100%;--container-widget-height:initial;--container-widget-flex-grow:0;--container-widget-align-self:initial;--flex-wrap-mobile:wrap;--gap:0px 0px;--row-gap:0px;--column-gap:0px;--border-radius:35px 35px 35px 35px;--padding-top:0px;--padding-bottom:0px;--padding-left:0px;--padding-right:0px;}.elementor-183 .elementor-element.elementor-element-5329508:not(.elementor-motion-effects-element-type-background), .elementor-183 .elementor-element.elementor-element-5329508 > .elementor-motion-effects-container > .elementor-motion-effects-layer{background-color:#FFFFFF;}.elementor-widget-image .widget-image-caption{color:var( --e-global-color-text );font-family:var( --e-global-typography-text-font-family ), Sans-serif;font-weight:var( --e-global-typography-text-font-weight );}.elementor-183 .elementor-element.elementor-element-4ceb4ac img{border-radius:35px 35px 0px 0px;}.elementor-183 .elementor-element.elementor-element-b69b24a{--display:flex;--gap:5px 5px;--row-gap:5px;--column-gap:5px;--border-radius:0px 0px 0px 0px;--padding-top:30px;--padding-bottom:30px;--padding-left:30px;--padding-right:30px;}.elementor-widget-post-info .elementor-icon-list-item:not(:last-child):after{border-color:var( --e-global-color-text );}.elementor-widget-post-info .elementor-icon-list-icon i{color:var( --e-global-color-primary );}.elementor-widget-post-info .elementor-icon-list-icon svg{fill:var( --e-global-color-primary );}.elementor-widget-post-info .elementor-icon-list-text, .elementor-widget-post-info .elementor-icon-list-text a{color:var( --e-global-color-secondary );}.elementor-widget-post-info .elementor-icon-list-item{font-family:var( --e-global-typography-text-font-family ), Sans-serif;font-weight:var( --e-global-typography-text-font-weight );}.elementor-183 .elementor-element.elementor-element-6fa2c5b .elementor-icon-list-icon{width:14px;}.elementor-183 .elementor-element.elementor-element-6fa2c5b .elementor-icon-list-icon i{font-size:14px;}.elementor-183 .elementor-element.elementor-element-6fa2c5b .elementor-icon-list-icon svg{--e-icon-list-icon-size:14px;}.elementor-183 .elementor-element.elementor-element-6fa2c5b .elementor-icon-list-text, .elementor-183 .elementor-element.elementor-element-6fa2c5b .elementor-icon-list-text a{color:#5D5D5D;}.elementor-183 .elementor-element.elementor-element-6fa2c5b .elementor-icon-list-item{font-family:\"PolySans-Bulky\", Sans-serif;font-size:14px;font-weight:400;text-transform:uppercase;}.elementor-183 .elementor-element.elementor-element-6f81dc1 .elementor-icon-list-icon{width:14px;}.elementor-183 .elementor-element.elementor-element-6f81dc1 .elementor-icon-list-icon i{font-size:14px;}.elementor-183 .elementor-element.elementor-element-6f81dc1 .elementor-icon-list-icon svg{--e-icon-list-icon-size:14px;}.elementor-183 .elementor-element.elementor-element-6f81dc1 .elementor-icon-list-text, .elementor-183 .elementor-element.elementor-element-6f81dc1 .elementor-icon-list-text a{color:#4B4B4B;}.elementor-183 .elementor-element.elementor-element-6f81dc1 .elementor-icon-list-item{font-family:\"PolySans-Slim\", Sans-serif;font-weight:400;}.elementor-183 .elementor-element.elementor-element-6f81dc1{margin:-5px 0px calc(var(--kit-widget-spacing, 0px) + 10px) 0px;}.elementor-widget-text-editor{font-family:var( --e-global-typography-text-font-family ), Sans-serif;font-weight:var( --e-global-typography-text-font-weight );color:var( --e-global-color-text );}.elementor-widget-text-editor.elementor-drop-cap-view-stacked .elementor-drop-cap{background-color:var( --e-global-color-primary );}.elementor-widget-text-editor.elementor-drop-cap-view-framed .elementor-drop-cap, .elementor-widget-text-editor.elementor-drop-cap-view-default .elementor-drop-cap{color:var( --e-global-color-primary );border-color:var( --e-global-color-primary );}.elementor-183 .elementor-element.elementor-element-46bf20d{font-family:\"PolySans-Median\", Sans-serif;font-size:19px;font-weight:400;line-height:25px;color:#000000;}<\/style>\t\t<div data-elementor-type=\"loop-item\" data-elementor-id=\"183\" class=\"elementor elementor-183 e-loop-item e-loop-item-170 post-170 post type-post status-publish format-standard has-post-thumbnail hentry category-prensa\" data-elementor-post-type=\"elementor_library\" data-custom-edit-handle=\"1\">\n\t\t\t<div class=\"elementor-element elementor-element-5329508 e-flex e-con-boxed e-con e-parent\" data-id=\"5329508\" data-element_type=\"container\" data-e-type=\"container\" data-settings=\"{&quot;background_background&quot;:&quot;classic&quot;}\">\n\t\t\t\t\t<div class=\"e-con-inner\">\n\t\t\t\t<div class=\"elementor-element elementor-element-4ceb4ac elementor-widget elementor-widget-image\" data-id=\"4ceb4ac\" data-element_type=\"widget\" data-e-type=\"widget\" data-widget_type=\"image.default\">\n\t\t\t\t\t\t\t\t\t\t\t\t\t\t\t<img decoding=\"async\" width=\"516\" height=\"361\" src=\"https:\/\/presenciadigital.com.ar\/nuevogrupoieb\/wp-content\/uploads\/2025\/09\/IEB1.jpg\" class=\"attachment-large size-large wp-image-171\" alt=\"\" srcset=\"https:\/\/presenciadigital.com.ar\/nuevogrupoieb\/wp-content\/uploads\/2025\/09\/IEB1.jpg 516w, https:\/\/presenciadigital.com.ar\/nuevogrupoieb\/wp-content\/uploads\/2025\/09\/IEB1-300x210.jpg 300w\" sizes=\"(max-width: 516px) 100vw, 516px\" \/>\t\t\t\t\t\t\t\t\t\t\t\t\t\t\t<\/div>\n\t\t<div class=\"elementor-element elementor-element-b69b24a e-con-full e-flex e-con e-child\" data-id=\"b69b24a\" data-element_type=\"container\" data-e-type=\"container\" data-settings=\"{&quot;background_background&quot;:&quot;classic&quot;}\">\n\t\t\t\t<div class=\"elementor-element elementor-element-6fa2c5b elementor-widget elementor-widget-post-info\" data-id=\"6fa2c5b\" data-element_type=\"widget\" data-e-type=\"widget\" data-widget_type=\"post-info.default\">\n\t\t\t\t\t\t\t<ul class=\"elementor-inline-items elementor-icon-list-items elementor-post-info\">\n\t\t\t\t\t\t\t\t<li class=\"elementor-icon-list-item elementor-repeater-item-a8b7da5 elementor-inline-item\" itemprop=\"about\">\n\t\t\t\t\t\t\t\t\t\t\t\t\t<span class=\"elementor-icon-list-text elementor-post-info__item elementor-post-info__item--type-terms\">\n\t\t\t\t\t\t\t\t\t\t<span class=\"elementor-post-info__terms-list\">\n\t\t\t\t<span class=\"elementor-post-info__terms-list-item\">Prensa<\/span>\t\t\t\t<\/span>\n\t\t\t\t\t<\/span>\n\t\t\t\t\t\t\t\t<\/li>\n\t\t\t\t<\/ul>\n\t\t\t\t\t\t<\/div>\n\t\t\t\t<div class=\"elementor-element elementor-element-6f81dc1 elementor-widget elementor-widget-post-info\" data-id=\"6f81dc1\" data-element_type=\"widget\" data-e-type=\"widget\" data-widget_type=\"post-info.default\">\n\t\t\t\t\t\t\t<ul class=\"elementor-inline-items elementor-icon-list-items elementor-post-info\">\n\t\t\t\t\t\t\t\t<li class=\"elementor-icon-list-item elementor-repeater-item-c17d80b elementor-inline-item\" itemprop=\"datePublished\">\n\t\t\t\t\t\t\t\t\t\t\t\t\t<span class=\"elementor-icon-list-text elementor-post-info__item elementor-post-info__item--type-date\">\n\t\t\t\t\t\t\t\t\t\t<time>19 septiembre 2025<\/time>\t\t\t\t\t<\/span>\n\t\t\t\t\t\t\t\t<\/li>\n\t\t\t\t<\/ul>\n\t\t\t\t\t\t<\/div>\n\t\t\t\t<div class=\"elementor-element elementor-element-46bf20d elementor-widget elementor-widget-text-editor\" data-id=\"46bf20d\" data-element_type=\"widget\" data-e-type=\"widget\" data-widget_type=\"text-editor.default\">\n\t\t\t\t\t\t\t\t\tHay que terminar con el monstruo de los pasivos remunerados para tener una salida del cepo no traum\u00e1tico.\t\t\t\t\t\t\t\t<\/div>\n\t\t\t\t<\/div>\n\t\t\t\t\t<\/div>\n\t\t\t\t<\/div>\n\t\t\t\t<\/div>\n\t\t\t\t<div data-elementor-type=\"loop-item\" data-elementor-id=\"183\" class=\"elementor elementor-183 e-loop-item e-loop-item-173 post-173 post type-post status-publish format-standard has-post-thumbnail hentry category-prensa\" data-elementor-post-type=\"elementor_library\" data-custom-edit-handle=\"1\">\n\t\t\t<div class=\"elementor-element elementor-element-5329508 e-flex e-con-boxed e-con e-parent\" data-id=\"5329508\" data-element_type=\"container\" data-e-type=\"container\" data-settings=\"{&quot;background_background&quot;:&quot;classic&quot;}\">\n\t\t\t\t\t<div class=\"e-con-inner\">\n\t\t\t\t<div class=\"elementor-element elementor-element-4ceb4ac elementor-widget elementor-widget-image\" data-id=\"4ceb4ac\" data-element_type=\"widget\" data-e-type=\"widget\" data-widget_type=\"image.default\">\n\t\t\t\t\t\t\t\t\t\t\t\t\t\t\t<img decoding=\"async\" width=\"516\" height=\"361\" src=\"https:\/\/presenciadigital.com.ar\/nuevogrupoieb\/wp-content\/uploads\/2025\/09\/IEB2.jpg\" class=\"attachment-large size-large wp-image-174\" alt=\"\" srcset=\"https:\/\/presenciadigital.com.ar\/nuevogrupoieb\/wp-content\/uploads\/2025\/09\/IEB2.jpg 516w, https:\/\/presenciadigital.com.ar\/nuevogrupoieb\/wp-content\/uploads\/2025\/09\/IEB2-300x210.jpg 300w\" sizes=\"(max-width: 516px) 100vw, 516px\" \/>\t\t\t\t\t\t\t\t\t\t\t\t\t\t\t<\/div>\n\t\t<div class=\"elementor-element elementor-element-b69b24a e-con-full e-flex e-con e-child\" data-id=\"b69b24a\" data-element_type=\"container\" data-e-type=\"container\" data-settings=\"{&quot;background_background&quot;:&quot;classic&quot;}\">\n\t\t\t\t<div class=\"elementor-element elementor-element-6fa2c5b elementor-widget elementor-widget-post-info\" data-id=\"6fa2c5b\" data-element_type=\"widget\" data-e-type=\"widget\" data-widget_type=\"post-info.default\">\n\t\t\t\t\t\t\t<ul class=\"elementor-inline-items elementor-icon-list-items elementor-post-info\">\n\t\t\t\t\t\t\t\t<li class=\"elementor-icon-list-item elementor-repeater-item-a8b7da5 elementor-inline-item\" itemprop=\"about\">\n\t\t\t\t\t\t\t\t\t\t\t\t\t<span class=\"elementor-icon-list-text elementor-post-info__item elementor-post-info__item--type-terms\">\n\t\t\t\t\t\t\t\t\t\t<span class=\"elementor-post-info__terms-list\">\n\t\t\t\t<span class=\"elementor-post-info__terms-list-item\">Prensa<\/span>\t\t\t\t<\/span>\n\t\t\t\t\t<\/span>\n\t\t\t\t\t\t\t\t<\/li>\n\t\t\t\t<\/ul>\n\t\t\t\t\t\t<\/div>\n\t\t\t\t<div class=\"elementor-element elementor-element-6f81dc1 elementor-widget elementor-widget-post-info\" data-id=\"6f81dc1\" data-element_type=\"widget\" data-e-type=\"widget\" data-widget_type=\"post-info.default\">\n\t\t\t\t\t\t\t<ul class=\"elementor-inline-items elementor-icon-list-items elementor-post-info\">\n\t\t\t\t\t\t\t\t<li class=\"elementor-icon-list-item elementor-repeater-item-c17d80b elementor-inline-item\" itemprop=\"datePublished\">\n\t\t\t\t\t\t\t\t\t\t\t\t\t<span class=\"elementor-icon-list-text elementor-post-info__item elementor-post-info__item--type-date\">\n\t\t\t\t\t\t\t\t\t\t<time>19 septiembre 2025<\/time>\t\t\t\t\t<\/span>\n\t\t\t\t\t\t\t\t<\/li>\n\t\t\t\t<\/ul>\n\t\t\t\t\t\t<\/div>\n\t\t\t\t<div class=\"elementor-element elementor-element-46bf20d elementor-widget elementor-widget-text-editor\" data-id=\"46bf20d\" data-element_type=\"widget\" data-e-type=\"widget\" data-widget_type=\"text-editor.default\">\n\t\t\t\t\t\t\t\t\tExpertos recomiendan el CEDEAR de Coca-Cola\t\t\t\t\t\t\t\t<\/div>\n\t\t\t\t<\/div>\n\t\t\t\t\t<\/div>\n\t\t\t\t<\/div>\n\t\t\t\t<\/div>\n\t\t\t\t<div data-elementor-type=\"loop-item\" data-elementor-id=\"183\" class=\"elementor elementor-183 e-loop-item e-loop-item-176 post-176 post type-post status-publish format-standard has-post-thumbnail hentry category-reporte-diario\" data-elementor-post-type=\"elementor_library\" data-custom-edit-handle=\"1\">\n\t\t\t<div class=\"elementor-element elementor-element-5329508 e-flex e-con-boxed e-con e-parent\" data-id=\"5329508\" data-element_type=\"container\" data-e-type=\"container\" data-settings=\"{&quot;background_background&quot;:&quot;classic&quot;}\">\n\t\t\t\t\t<div class=\"e-con-inner\">\n\t\t\t\t<div class=\"elementor-element elementor-element-4ceb4ac elementor-widget elementor-widget-image\" data-id=\"4ceb4ac\" data-element_type=\"widget\" data-e-type=\"widget\" data-widget_type=\"image.default\">\n\t\t\t\t\t\t\t\t\t\t\t\t\t\t\t<img loading=\"lazy\" decoding=\"async\" width=\"516\" height=\"361\" src=\"https:\/\/presenciadigital.com.ar\/nuevogrupoieb\/wp-content\/uploads\/2025\/09\/IEB3.jpg\" class=\"attachment-large size-large wp-image-177\" alt=\"\" srcset=\"https:\/\/presenciadigital.com.ar\/nuevogrupoieb\/wp-content\/uploads\/2025\/09\/IEB3.jpg 516w, https:\/\/presenciadigital.com.ar\/nuevogrupoieb\/wp-content\/uploads\/2025\/09\/IEB3-300x210.jpg 300w\" sizes=\"(max-width: 516px) 100vw, 516px\" \/>\t\t\t\t\t\t\t\t\t\t\t\t\t\t\t<\/div>\n\t\t<div class=\"elementor-element elementor-element-b69b24a e-con-full e-flex e-con e-child\" data-id=\"b69b24a\" data-element_type=\"container\" data-e-type=\"container\" data-settings=\"{&quot;background_background&quot;:&quot;classic&quot;}\">\n\t\t\t\t<div class=\"elementor-element elementor-element-6fa2c5b elementor-widget elementor-widget-post-info\" data-id=\"6fa2c5b\" data-element_type=\"widget\" data-e-type=\"widget\" data-widget_type=\"post-info.default\">\n\t\t\t\t\t\t\t<ul class=\"elementor-inline-items elementor-icon-list-items elementor-post-info\">\n\t\t\t\t\t\t\t\t<li class=\"elementor-icon-list-item elementor-repeater-item-a8b7da5 elementor-inline-item\" itemprop=\"about\">\n\t\t\t\t\t\t\t\t\t\t\t\t\t<span class=\"elementor-icon-list-text elementor-post-info__item elementor-post-info__item--type-terms\">\n\t\t\t\t\t\t\t\t\t\t<span class=\"elementor-post-info__terms-list\">\n\t\t\t\t<span class=\"elementor-post-info__terms-list-item\">Reporte Diario<\/span>\t\t\t\t<\/span>\n\t\t\t\t\t<\/span>\n\t\t\t\t\t\t\t\t<\/li>\n\t\t\t\t<\/ul>\n\t\t\t\t\t\t<\/div>\n\t\t\t\t<div class=\"elementor-element elementor-element-6f81dc1 elementor-widget elementor-widget-post-info\" data-id=\"6f81dc1\" data-element_type=\"widget\" data-e-type=\"widget\" data-widget_type=\"post-info.default\">\n\t\t\t\t\t\t\t<ul class=\"elementor-inline-items elementor-icon-list-items elementor-post-info\">\n\t\t\t\t\t\t\t\t<li class=\"elementor-icon-list-item elementor-repeater-item-c17d80b elementor-inline-item\" itemprop=\"datePublished\">\n\t\t\t\t\t\t\t\t\t\t\t\t\t<span class=\"elementor-icon-list-text elementor-post-info__item elementor-post-info__item--type-date\">\n\t\t\t\t\t\t\t\t\t\t<time>19 septiembre 2025<\/time>\t\t\t\t\t<\/span>\n\t\t\t\t\t\t\t\t<\/li>\n\t\t\t\t<\/ul>\n\t\t\t\t\t\t<\/div>\n\t\t\t\t<div class=\"elementor-element elementor-element-46bf20d elementor-widget elementor-widget-text-editor\" data-id=\"46bf20d\" data-element_type=\"widget\" data-e-type=\"widget\" data-widget_type=\"text-editor.default\">\n\t\t\t\t\t\t\t\t\tNuestro \u201cReporte Diario\u201d con la informaci\u00f3n al cierre de la \u00faltima rueda, con los principales datos de renta fija y FXs.\t\t\t\t\t\t\t\t<\/div>\n\t\t\t\t<\/div>\n\t\t\t\t\t<\/div>\n\t\t\t\t<\/div>\n\t\t\t\t<\/div>\n\t\t\t\t<div data-elementor-type=\"loop-item\" data-elementor-id=\"183\" class=\"elementor elementor-183 e-loop-item e-loop-item-179 post-179 post type-post status-publish format-standard has-post-thumbnail hentry category-prensa\" data-elementor-post-type=\"elementor_library\" data-custom-edit-handle=\"1\">\n\t\t\t<div class=\"elementor-element elementor-element-5329508 e-flex e-con-boxed e-con e-parent\" data-id=\"5329508\" data-element_type=\"container\" data-e-type=\"container\" data-settings=\"{&quot;background_background&quot;:&quot;classic&quot;}\">\n\t\t\t\t\t<div class=\"e-con-inner\">\n\t\t\t\t<div class=\"elementor-element elementor-element-4ceb4ac elementor-widget elementor-widget-image\" data-id=\"4ceb4ac\" data-element_type=\"widget\" data-e-type=\"widget\" data-widget_type=\"image.default\">\n\t\t\t\t\t\t\t\t\t\t\t\t\t\t\t<img loading=\"lazy\" decoding=\"async\" width=\"516\" height=\"361\" src=\"https:\/\/presenciadigital.com.ar\/nuevogrupoieb\/wp-content\/uploads\/2025\/09\/IEB4.jpg\" class=\"attachment-large size-large wp-image-180\" alt=\"\" srcset=\"https:\/\/presenciadigital.com.ar\/nuevogrupoieb\/wp-content\/uploads\/2025\/09\/IEB4.jpg 516w, https:\/\/presenciadigital.com.ar\/nuevogrupoieb\/wp-content\/uploads\/2025\/09\/IEB4-300x210.jpg 300w\" sizes=\"(max-width: 516px) 100vw, 516px\" \/>\t\t\t\t\t\t\t\t\t\t\t\t\t\t\t<\/div>\n\t\t<div class=\"elementor-element elementor-element-b69b24a e-con-full e-flex e-con e-child\" data-id=\"b69b24a\" data-element_type=\"container\" data-e-type=\"container\" data-settings=\"{&quot;background_background&quot;:&quot;classic&quot;}\">\n\t\t\t\t<div class=\"elementor-element elementor-element-6fa2c5b elementor-widget elementor-widget-post-info\" data-id=\"6fa2c5b\" data-element_type=\"widget\" data-e-type=\"widget\" data-widget_type=\"post-info.default\">\n\t\t\t\t\t\t\t<ul class=\"elementor-inline-items elementor-icon-list-items elementor-post-info\">\n\t\t\t\t\t\t\t\t<li class=\"elementor-icon-list-item elementor-repeater-item-a8b7da5 elementor-inline-item\" itemprop=\"about\">\n\t\t\t\t\t\t\t\t\t\t\t\t\t<span class=\"elementor-icon-list-text elementor-post-info__item elementor-post-info__item--type-terms\">\n\t\t\t\t\t\t\t\t\t\t<span class=\"elementor-post-info__terms-list\">\n\t\t\t\t<span class=\"elementor-post-info__terms-list-item\">Prensa<\/span>\t\t\t\t<\/span>\n\t\t\t\t\t<\/span>\n\t\t\t\t\t\t\t\t<\/li>\n\t\t\t\t<\/ul>\n\t\t\t\t\t\t<\/div>\n\t\t\t\t<div class=\"elementor-element elementor-element-6f81dc1 elementor-widget elementor-widget-post-info\" data-id=\"6f81dc1\" data-element_type=\"widget\" data-e-type=\"widget\" data-widget_type=\"post-info.default\">\n\t\t\t\t\t\t\t<ul class=\"elementor-inline-items elementor-icon-list-items elementor-post-info\">\n\t\t\t\t\t\t\t\t<li class=\"elementor-icon-list-item elementor-repeater-item-c17d80b elementor-inline-item\" itemprop=\"datePublished\">\n\t\t\t\t\t\t\t\t\t\t\t\t\t<span class=\"elementor-icon-list-text elementor-post-info__item elementor-post-info__item--type-date\">\n\t\t\t\t\t\t\t\t\t\t<time>19 septiembre 2025<\/time>\t\t\t\t\t<\/span>\n\t\t\t\t\t\t\t\t<\/li>\n\t\t\t\t<\/ul>\n\t\t\t\t\t\t<\/div>\n\t\t\t\t<div class=\"elementor-element elementor-element-46bf20d elementor-widget elementor-widget-text-editor\" data-id=\"46bf20d\" data-element_type=\"widget\" data-e-type=\"widget\" data-widget_type=\"text-editor.default\">\n\t\t\t\t\t\t\t\t\tIEB+ renueva su v\u00ednculo como naming sponsor del Argentina Open hasta 2027.\t\t\t\t\t\t\t\t<\/div>\n\t\t\t\t<\/div>\n\t\t\t\t\t<\/div>\n\t\t\t\t<\/div>\n\t\t\t\t<\/div>\n\t\t\t\t<\/div>\n\t\t\n\t\t\t\t\t\t<\/div>\n\t\t\t\t<\/div>\n\t\t\t\t<\/div>\n\t\t\t\t\t<\/div>\n\t\t\t\t<\/div>\n\t\t\t\t<\/div>\n\t\t","protected":false},"excerpt":{"rendered":"<p>IEB+ renueva su v\u00ednculo como naming sponsor del Argentina Open El contexto de crisis mundial por la pandemia demostr\u00f3 que la transformaci\u00f3n digital hoy pas\u00f3 a ser una condici\u00f3n necesaria para la subsistencia del negocio. El tema estaba en la agenda de todos los l\u00edderes, con distinto grado de urgencia y prioridad, pero los cambios [&hellip;]<\/p>\n","protected":false},"author":1,"featured_media":0,"parent":0,"menu_order":0,"comment_status":"closed","ping_status":"closed","template":"","meta":{"footnotes":""},"class_list":["post-326","page","type-page","status-publish","hentry"],"_links":{"self":[{"href":"https:\/\/presenciadigital.com.ar\/nuevogrupoieb\/wp-json\/wp\/v2\/pages\/326","targetHints":{"allow":["GET"]}}],"collection":[{"href":"https:\/\/presenciadigital.com.ar\/nuevogrupoieb\/wp-json\/wp\/v2\/pages"}],"about":[{"href":"https:\/\/presenciadigital.com.ar\/nuevogrupoieb\/wp-json\/wp\/v2\/types\/page"}],"author":[{"embeddable":true,"href":"https:\/\/presenciadigital.com.ar\/nuevogrupoieb\/wp-json\/wp\/v2\/users\/1"}],"replies":[{"embeddable":true,"href":"https:\/\/presenciadigital.com.ar\/nuevogrupoieb\/wp-json\/wp\/v2\/comments?post=326"}],"version-history":[{"count":16,"href":"https:\/\/presenciadigital.com.ar\/nuevogrupoieb\/wp-json\/wp\/v2\/pages\/326\/revisions"}],"predecessor-version":[{"id":725,"href":"https:\/\/presenciadigital.com.ar\/nuevogrupoieb\/wp-json\/wp\/v2\/pages\/326\/revisions\/725"}],"wp:attachment":[{"href":"https:\/\/presenciadigital.com.ar\/nuevogrupoieb\/wp-json\/wp\/v2\/media?parent=326"}],"curies":[{"name":"wp","href":"https:\/\/api.w.org\/{rel}","templated":true}]}}